{"id":564,"date":"2020-08-09T20:22:50","date_gmt":"2020-08-09T20:22:50","guid":{"rendered":"https:\/\/cvio-demo.bslthemes.com\/ve1\/?page_id=564"},"modified":"2024-08-05T14:05:05","modified_gmt":"2024-08-05T14:05:05","slug":"contact","status":"publish","type":"page","link":"https:\/\/rafaelgdesign.com\/es-co\/contact\/","title":{"rendered":"Contacto"},"content":{"rendered":"<div data-elementor-type=\"wp-page\" data-elementor-id=\"564\" class=\"elementor elementor-564\" data-elementor-post-type=\"page\">\n\t\t\t\t\t\t<section class=\"elementor-section elementor-top-section elementor-element elementor-element-5652bcd elementor-section-full_width elementor-section-height-default elementor-section-height-default\" data-id=\"5652bcd\" data-element_type=\"section\">\n\t\t\t\t\t\t<div class=\"elementor-container elementor-column-gap-no\">\n\t\t\t\t\t<div class=\"elementor-column elementor-col-100 elementor-top-column elementor-element elementor-element-0f5d93e\" data-id=\"0f5d93e\" data-element_type=\"column\">\n\t\t\t<div class=\"elementor-widget-wrap elementor-element-populated\">\n\t\t\t\t\t\t<div class=\"elementor-element elementor-element-dcca390 elementor-widget elementor-widget-cvio-started-section\" data-id=\"dcca390\" data-element_type=\"widget\" data-widget_type=\"cvio-started-section.default\">\n\t\t\t\t<div class=\"elementor-widget-container\">\n\t\t\t\t\t\n\t\t<!-- Section Started -->\n\t\t<div class=\"section started background-enabled section-title\">\n\n\t\t\t\n\t\t\t\n\t\t\t\t\t\t<div class=\"video-bg jarallax\">\n\t\t\t\t<img decoding=\"async\" class=\"jarallax-img lazyload\" data-src=\"https:\/\/rafaelgdesign.com\/wp-content\/uploads\/2024\/04\/bg3.png\" alt=\"Contact\" src=\"data:image\/gif;base64,R0lGODlhAQABAAAAACH5BAEKAAEALAAAAAABAAEAAAICTAEAOw==\" style=\"--smush-placeholder-width: 1920px; --smush-placeholder-aspect-ratio: 1920\/1080;\">\n\t\t\t\t<div class=\"video-bg-mask\"><\/div>\n\t\t\t\t\t\t\t<\/div>\n\t\t\t\n\t\t\t\n\t\t\t\n\t\t\t<div class=\"centrize full-width\">\n\t\t\t\t<div class=\"vertical-center\">\n\t\t\t\t\t<div class=\"started-content\">\n\n\t\t\t\t\t\t\n\t\t\t\t\t\t\t\t\t\t\t\t<h1 class=\"h-title\">\n\t\t\t\t\t\t\t<span {{{ view.getrenderattributestring( 'title' ) }}}>\n\t\t\t\t\t\t\t\tContacto\t\t\t\t\t\t\t<\/span>\n\t\t\t\t\t\t<\/h1>\n\t\t\t\t\t\t\n\t\t\t\t\t\t\n\t\t\t\t\t\t\n\t\t\t\t\t<\/div>\n\t\t\t\t<\/div>\n\t\t\t<\/div>\n\t\t\t<a href=\"#\" class=\"mouse_btn\" style=\"display: none;\"><span class=\"icon fas fa-chevron-down\"><\/span><\/a>\n\t\t<\/div>\n\n\t\t\t\t\t\t<\/div>\n\t\t\t\t<\/div>\n\t\t\t\t\t<\/div>\n\t\t<\/div>\n\t\t\t\t\t<\/div>\n\t\t<\/section>\n\t\t\t\t<section class=\"elementor-section elementor-top-section elementor-element elementor-element-e644ba6 elementor-section-boxed elementor-section-height-default elementor-section-height-default\" data-id=\"e644ba6\" data-element_type=\"section\">\n\t\t\t\t\t\t<div class=\"elementor-container elementor-column-gap-no\">\n\t\t\t\t\t<div class=\"elementor-column elementor-col-100 elementor-top-column elementor-element elementor-element-ac058d2\" data-id=\"ac058d2\" data-element_type=\"column\">\n\t\t\t<div class=\"elementor-widget-wrap elementor-element-populated\">\n\t\t\t\t\t\t<div class=\"elementor-element elementor-element-8d49803 elementor-widget elementor-widget-cvio-contacts-info\" data-id=\"8d49803\" data-element_type=\"widget\" data-widget_type=\"cvio-contacts-info.default\">\n\t\t\t\t<div class=\"elementor-widget-container\">\n\t\t\t\t\t\n\t\t<!-- Section Contacts Info -->\n\t\t<div class=\"section contacts\">\n\t\t\t<div class=\"content\">\n\n\t\t\t\t\t\t\t\t<h1 class=\"title\">\n\t\t\t\t\t<div class=\"title_inner\">\n\t\t\t\t\t\t<span ><h2>CANALES DE CONTACTO<\/h2><\/span>\n\t\t\t\t\t<\/div>\n\t\t\t\t<\/h1>\n\t\t\t\t\n\t\t\t\t\t\t\t\t<div class=\"service-items\">\n\t\t\t\t\t\t\t\t\t    <div class=\"service-col\">\n\t\t\t\t\t\t<div class=\"service-item content-box\">\n\t\t\t\t\t\t\t\t\t\t\t\t\t\t<div class=\"icon\"><\/div>\n\t\t\t\t\t\t\t\t\t\t\t\t\t\t<div class=\"name\">\n\t\t\t\t\t\t\t\t<span >\n\t\t\t\t\t\t\t\t\t<h3>Tel\u00e9fono<\/h3>\t\t\t\t\t\t\t\t<\/span>\n\t\t\t\t\t\t\t<\/div>\n\t\t\t\t\t\t\t<div class=\"text single-post-text\">\n\t\t\t\t\t\t\t\t<div >\n\t\t\t\t\t\t\t\t\t<p style=\"font-size: 18px\">+ 55 (11) 99852-5386\t\t\t\t\t\t\t\t<\/div>\n\t\t\t\t\t\t\t<\/div>\n\t\t\t\t\t\t<\/div>\n\t\t\t\t\t<\/div>\n\t\t\t\t\t\t\t\t\t    <div class=\"service-col\">\n\t\t\t\t\t\t<div class=\"service-item content-box\">\n\t\t\t\t\t\t\t\t\t\t\t\t\t\t<div class=\"icon\"><\/div>\n\t\t\t\t\t\t\t\t\t\t\t\t\t\t<div class=\"name\">\n\t\t\t\t\t\t\t\t<span >\n\t\t\t\t\t\t\t\t\t<h3>Correo electr\u00f3nico<\/h3>\t\t\t\t\t\t\t\t<\/span>\n\t\t\t\t\t\t\t<\/div>\n\t\t\t\t\t\t\t<div class=\"text single-post-text\">\n\t\t\t\t\t\t\t\t<div >\n\t\t\t\t\t\t\t\t\t<p style=\"font-size: 18px\">rafael_oliveira17@hotmail.com\t\t\t\t\t\t\t\t<\/div>\n\t\t\t\t\t\t\t<\/div>\n\t\t\t\t\t\t<\/div>\n\t\t\t\t\t<\/div>\n\t\t\t\t\t\t\t\t\t    <div class=\"service-col\">\n\t\t\t\t\t\t<div class=\"service-item content-box\">\n\t\t\t\t\t\t\t\t\t\t\t\t\t\t<div class=\"icon\"><\/div>\n\t\t\t\t\t\t\t\t\t\t\t\t\t\t<div class=\"name\">\n\t\t\t\t\t\t\t\t<span >\n\t\t\t\t\t\t\t\t\t<h3>DIRECCI\u00d3N<\/h3>\t\t\t\t\t\t\t\t<\/span>\n\t\t\t\t\t\t\t<\/div>\n\t\t\t\t\t\t\t<div class=\"text single-post-text\">\n\t\t\t\t\t\t\t\t<div >\n\t\t\t\t\t\t\t\t\t<p style=\"font-size: 18px\">Vila Guilherme, S\u00e3o Paulo - SP | Brasil\t\t\t\t\t\t\t\t<\/div>\n\t\t\t\t\t\t\t<\/div>\n\t\t\t\t\t\t<\/div>\n\t\t\t\t\t<\/div>\n\t\t\t\t\t\t\t\t\t    <div class=\"service-col\">\n\t\t\t\t\t\t<div class=\"service-item content-box\">\n\t\t\t\t\t\t\t\t\t\t\t\t\t\t<div class=\"icon\"><\/div>\n\t\t\t\t\t\t\t\t\t\t\t\t\t\t<div class=\"name\">\n\t\t\t\t\t\t\t\t<span >\n\t\t\t\t\t\t\t\t\t<h3>Disponibilidad de contrato<\/h3>\t\t\t\t\t\t\t\t<\/span>\n\t\t\t\t\t\t\t<\/div>\n\t\t\t\t\t\t\t<div class=\"text single-post-text\">\n\t\t\t\t\t\t\t\t<div >\n\t\t\t\t\t\t\t\t\t<p style=\"font-size: 18px\">Estoy disponible para contratos de media\/larga duraci\u00f3n.\t\t\t\t\t\t\t\t<\/div>\n\t\t\t\t\t\t\t<\/div>\n\t\t\t\t\t\t<\/div>\n\t\t\t\t\t<\/div>\n\t\t\t\t\t\t\t\t\t<\/div>\n\t\t\t\t\n\t\t\t\t<div class=\"clear\"><\/div>\n\t\t\t<\/div>\n\t\t<\/div>\n\n\t\t\t\t\t\t<\/div>\n\t\t\t\t<\/div>\n\t\t\t\t\t<\/div>\n\t\t<\/div>\n\t\t\t\t\t<\/div>\n\t\t<\/section>\n\t\t\t\t<section class=\"elementor-section elementor-top-section elementor-element elementor-element-b28b226 elementor-section-boxed elementor-section-height-default elementor-section-height-default\" data-id=\"b28b226\" data-element_type=\"section\">\n\t\t\t\t\t\t<div class=\"elementor-container elementor-column-gap-no\">\n\t\t\t\t\t<div class=\"elementor-column elementor-col-100 elementor-top-column elementor-element elementor-element-8c210e4\" data-id=\"8c210e4\" data-element_type=\"column\">\n\t\t\t<div class=\"elementor-widget-wrap elementor-element-populated\">\n\t\t\t\t\t\t<div class=\"elementor-element elementor-element-68aad4a elementor-widget elementor-widget-cvio-contacts-form\" data-id=\"68aad4a\" data-element_type=\"widget\" data-widget_type=\"cvio-contacts-form.default\">\n\t\t\t\t<div class=\"elementor-widget-container\">\n\t\t\t\t\t\n\t\t<!-- Section Contacts Form -->\n\t\t<div class=\"section contacts\">\n\t\t\t<div class=\"content\">\n\n\t\t\t\t\t\t\t\t<h2 class=\"title\">\n\t\t\t\t\t<div class=\"title_inner\">\n\t\t\t\t\t\t<span ><h2>CONTACTAR POR CORREO<\/h2><\/span>\n\t\t\t\t\t<\/div>\n\t\t\t\t<\/h2>\n\t\t\t\t\n\t\t\t\t\t\t\t\t<!-- contact form -->\n\t\t\t\t<div class=\"contact_form content-box\">\n\t\t\t\t\t\n<div class=\"wpcf7 no-js\" id=\"wpcf7-f479-o1\" lang=\"en-US\" dir=\"ltr\" data-wpcf7-id=\"479\">\n<div class=\"screen-reader-response\"><p role=\"status\" aria-live=\"polite\" aria-atomic=\"true\"><\/p> <ul><\/ul><\/div>\n<form action=\"\/es-co\/wp-json\/wp\/v2\/pages\/564#wpcf7-f479-o1\" method=\"post\" class=\"wpcf7-form init\" aria-label=\"Formulario de contacto\" novalidate=\"novalidate\" data-status=\"init\" data-trp-original-action=\"\/es-co\/wp-json\/wp\/v2\/pages\/564#wpcf7-f479-o1\">\n<div style=\"display: none;\">\n<input type=\"hidden\" name=\"_wpcf7\" value=\"479\" \/>\n<input type=\"hidden\" name=\"_wpcf7_version\" value=\"6.0.6\" \/>\n<input type=\"hidden\" name=\"_wpcf7_locale\" value=\"en_US\" \/>\n<input type=\"hidden\" name=\"_wpcf7_unit_tag\" value=\"wpcf7-f479-o1\" \/>\n<input type=\"hidden\" name=\"_wpcf7_container_post\" value=\"0\" \/>\n<input type=\"hidden\" name=\"_wpcf7_posted_data_hash\" value=\"\" \/>\n<\/div>\n<div class=\"group-val\">\n\t<p><span class=\"wpcf7-form-control-wrap\" data-name=\"your-name\"><input size=\"40\" maxlength=\"400\" class=\"wpcf7-form-control wpcf7-text wpcf7-validates-as-required\" aria-required=\"true\" aria-invalid=\"false\" placeholder=\"Nombre\" value=\"\" type=\"text\" name=\"your-name\" \/><\/span>\n\t<\/p>\n<\/div>\n<div class=\"group-val\">\n\t<p><span class=\"wpcf7-form-control-wrap\" data-name=\"your-email\"><input size=\"40\" maxlength=\"400\" class=\"wpcf7-form-control wpcf7-email wpcf7-validates-as-required wpcf7-text wpcf7-validates-as-email\" aria-required=\"true\" aria-invalid=\"false\" placeholder=\"Correo electr\u00f3nico\" value=\"\" type=\"email\" name=\"your-email\" \/><\/span>\n\t<\/p>\n<\/div>\n<div class=\"group-val\">\n\t<p><span class=\"wpcf7-form-control-wrap\" data-name=\"phonetext-47\"><input size=\"40\" class=\"wpcf7-form-control wpcf7-phonetext wpcf7-validates-as-required wpcf7-text wpcf7-validates-as-phonetext\" data-numberonly=\"true\" aria-required=\"true\" aria-invalid=\"false\" placeholder=\"\" value=\"\" type=\"text\" name=\"phonetext-47\" \/><input type=\"hidden\" name=\"phonetext-47-country-code\" class=\"wpcf7-phonetext-country-code\" \/><\/span>\n\t<\/p>\n<\/div>\n<div class=\"group-val\">\n\t<p><span class=\"wpcf7-form-control-wrap\" data-name=\"menu-39\"><select class=\"wpcf7-form-control wpcf7-select wpcf7-validates-as-required\" aria-required=\"true\" aria-invalid=\"false\" name=\"menu-39\"><option value=\"Select the subject\">Selecciona el tema<\/option><option value=\"Employment opportunity (short term)\">Oportunidad de empleo (corto plazo)<\/option><option value=\"Employment opportunity (medium term)\">Oportunidad de empleo (mediano plazo)<\/option><option value=\"Employment opportunity (long term)\">Oportunidad de empleo (largo plazo)<\/option><option value=\"Freelancer\">Persona de libre dedicaci\u00f3n<\/option><option value=\"Partnership\">Camarader\u00eda<\/option><option value=\"Others\">Otros<\/option><\/select><\/span>\n\t<\/p>\n<\/div>\n<div class=\"group-val\">\n\t<p><span class=\"wpcf7-form-control-wrap\" data-name=\"your-message\"><textarea cols=\"40\" rows=\"10\" maxlength=\"2000\" class=\"wpcf7-form-control wpcf7-textarea wpcf7-validates-as-required\" aria-required=\"true\" aria-invalid=\"false\" placeholder=\"Mensaje\" name=\"your-message\"><\/textarea><\/span>\n\t<\/p>\n<\/div>\n<div class=\"group-bts\">\n\t<p><button type=\"submit\" class=\"btn hover-animated\"><span class=\"circle\"><\/span><span class=\"lnk\">Enviar mensaje<\/span><\/button>\n\t<\/p>\n<\/div><div class=\"wpcf7-response-output\" aria-hidden=\"true\"><\/div>\n<input type=\"hidden\" name=\"trp-form-language\" value=\"es-co\"\/><\/form>\n<\/div>\n\t\t\t\t<\/div>\n\t\t\t\t\n\t\t\t\t<div class=\"clear\"><\/div>\n\t\t\t<\/div>\n\t\t<\/div>\n\n\t\t\t\t\t\t<\/div>\n\t\t\t\t<\/div>\n\t\t\t\t\t<\/div>\n\t\t<\/div>\n\t\t\t\t\t<\/div>\n\t\t<\/section>\n\t\t\t\t<\/div>","protected":false},"excerpt":{"rendered":"<p>Contacto CANALES DE CONTACTO Tel\u00e9fono + 55 (11) 99852-5386 Correo electr\u00f3nico rafael_oliveira17@hotmail.com Direcci\u00f3n Vila Guilherme, S\u00e3o Paulo \u2013 SP | Brasil Disponibilidad de contrato Estoy disponible para\u2026<\/p>","protected":false},"author":1,"featured_media":0,"parent":0,"menu_order":0,"comment_status":"closed","ping_status":"closed","template":"template-elementor-builder.php","meta":{"_monsterinsights_skip_tracking":false,"_monsterinsights_sitenote_active":false,"_monsterinsights_sitenote_note":"","_monsterinsights_sitenote_category":0,"footnotes":""},"class_list":["post-564","page","type-page","status-publish","hentry"],"acf":[],"_links":{"self":[{"href":"https:\/\/rafaelgdesign.com\/es-co\/wp-json\/wp\/v2\/pages\/564","targetHints":{"allow":["GET"]}}],"collection":[{"href":"https:\/\/rafaelgdesign.com\/es-co\/wp-json\/wp\/v2\/pages"}],"about":[{"href":"https:\/\/rafaelgdesign.com\/es-co\/wp-json\/wp\/v2\/types\/page"}],"author":[{"embeddable":true,"href":"https:\/\/rafaelgdesign.com\/es-co\/wp-json\/wp\/v2\/users\/1"}],"replies":[{"embeddable":true,"href":"https:\/\/rafaelgdesign.com\/es-co\/wp-json\/wp\/v2\/comments?post=564"}],"version-history":[{"count":20,"href":"https:\/\/rafaelgdesign.com\/es-co\/wp-json\/wp\/v2\/pages\/564\/revisions"}],"predecessor-version":[{"id":3164,"href":"https:\/\/rafaelgdesign.com\/es-co\/wp-json\/wp\/v2\/pages\/564\/revisions\/3164"}],"wp:attachment":[{"href":"https:\/\/rafaelgdesign.com\/es-co\/wp-json\/wp\/v2\/media?parent=564"}],"curies":[{"name":"wp","href":"https:\/\/api.w.org\/{rel}","templated":true}]}}